{"id":7808,"date":"2020-07-15T10:19:17","date_gmt":"2020-07-15T08:19:17","guid":{"rendered":"https:\/\/www.reimer-rae.de\/impressum\/"},"modified":"2024-01-02T09:46:06","modified_gmt":"2024-01-02T08:46:06","slug":"legal-notice","status":"publish","type":"page","link":"https:\/\/www.reimer-rae.de\/en\/legal-notice\/","title":{"rendered":"Legal Notice"},"content":{"rendered":"<div class=\"wpb-content-wrapper\"><p>[vc_row gap=&#8221;30&#8243; css=&#8221;.vc_custom_1604327534239{padding-bottom: 40px !important;}&#8221;][vc_column width=&#8221;5\/6&#8243;][vc_column_text]<\/p>\n<h1>Impressum<\/h1>\n<h2>Reimer Rechtsanw\u00e4lte Partnerschaftsgesellschaft mbB<\/h2>\n<p>G\u00e4nsemarkt 45 20354 Hamburg<br \/>\nTelefon: + 49 \u2013 (0)40 \u2013 43 20 80-0<br \/>\nFax: + 49 \u2013 (0)40 \u2013 43 20 80 \u2013 400<br \/>\nE-Mail: <a href=\"mailto:info@reimer-rae.de\">info@reimer-rae.de<\/a><\/p>\n<h3>Partnerinnen und Partner mit Angabe ihrer Berufsbezeichnungen:<\/h3>\n<p>Burckhardt Reimer, Rechtsanwalt<br \/>\nPeter-Alexander Borchardt, Rechtsanwalt<br \/>\nReinhold Schmid-Sperber, Rechtsanwalt und Notar<br \/>\nDr. Tjark Thies, Rechtsanwalt<br \/>\nHendrik Gittermann, Rechtsanwalt<br \/>\nThomas Rittmeister, Rechtsanwalt<br \/>\nViktor von Websky, MBA, Rechtsanwalt<br \/>\nJennie Best, Rechtsanw\u00e4ltin<br \/>\nDr. Arno Doebert, Rechtsanwalt<br \/>\nFriederike Kirch-Heim, Rechtsanw\u00e4ltin, Steuerberaterin<br \/>\nHenning K\u00f6lsch, MBA (UCT), Rechtsanwalt<br \/>\nDr. Helge Kr\u00fcger, Rechtsanwalt<\/p>\n<p>(Die Berufsbezeichnungen wurden in der Bundesrepublik Deutschland verliehen)<\/p>\n<h3>Notar<\/h3>\n<p>Der Notar Reinhold Schmid-Sperber ist Mitglied der Schleswig-Holsteinischen Notarkammer und hat seinen Dienstsitz in Kiel. Die Dienstaufsicht \u00fcben die Pr\u00e4sidentin des Landgerichts Kiel und die Pr\u00e4sidentin des Schleswig-Holsteinischen Oberlandesgerichts aus.<\/p>\n<h3>Partnerschaftsgesellschaft mbB (Bundesrepublik Deutschland)<\/h3>\n<p>Registergericht: Amtsgericht Hamburg<br \/>\nHandelsregisternummer: PR 768<br \/>\nUmsatzsteuernummer: DE117938841<\/p>\n<h3>Kammerzulassung<\/h3>\n<p>Alle auf der Website als \u201cRechtsanwalt\u201d bezeichneten Personen, sind Rechtsanw\u00e4lte und bei der Hanseatischen Rechtsanwaltskammer Hamburg, der Schleswig-Holsteinischen Rechtsanwaltskammer oder der Rechtsanwaltskammer Frankfurt zugelassen. Sie sind berechtigt in Deutschland und Europa zu praktizieren (letzteres im Rahmen der Gesetze \u00fcber die T\u00e4tigkeit europ\u00e4ischer Rechtsanw\u00e4lte, welche jeder Mitgliedstaat der Europ\u00e4ischen Union auf Basis der europ\u00e4ischen Richtlinien \u00fcber die Aus\u00fcbung des Rechtsanwaltsberufs in Europa umgesetzt hat).<\/p>\n<p>Die f\u00fcr die Anw\u00e4lte zust\u00e4ndigen Rechtsanwaltskammern sind die Hanseatische Rechtsanwaltskammer Hamburg, Valentinskamp 88, 20354 Hamburg, die Schleswig-Holsteinische Rechtsanwaltskammer, Gottorfstra\u00dfe 13, 24837 Schleswig und die<br \/>\nRechtsanwaltskammer Frankfurt, Bockenheimer Anlage 36, 60322 Frankfurt am Main.<\/p>\n<h3>Berufsrechtliche Regelungen<\/h3>\n<p>Die f\u00fcr die Rechtsanw\u00e4lte ma\u00dfgeblichen berufsrechtlichen Regelungen sind:<\/p>\n<p>\u00b7 die Bundesrechtsanwaltsordnung (BRAO),<br \/>\n\u00b7 die Berufsordnung (BORA),<br \/>\n\u00b7 die Fachanwaltsordnung (FAO),<br \/>\n\u00b7 das Rechtsanwaltsverg\u00fctungsgesetz (RVG),<br \/>\ndie Berufsregeln der Rechtsanw\u00e4lte der Europ\u00e4ischen Union (CCBE).<\/p>\n<p>Die berufsrechtlichen Regelungenk\u00f6nnen \u00fcber die Homepage der Bundesrechtsanwaltskammer (www.brak.de) in der Rubrik \u201eBerufsrecht\u201c auf Deutsch und Englisch eingesehen und abgerufen werden.<\/p>\n<h3>Berufshaftpflichtversicherung<\/h3>\n<p>HDI Versicherung AG, HDI Platz 1, 30659 Hannover<br \/>\nR\u00e4umlicher Geltungsbereich: Deutschland, Europ\u00e4isches Ausland. Versichert sind Haftpflichtanspr\u00fcche aus T\u00e4tigkeiten im Zusammenhang mit der Beratung und Besch\u00e4ftigung mit europ\u00e4ischem Recht; des Rechtsanwalts vor europ\u00e4ischen Gerichten. Weltweit in H\u00f6he der gesetzlich vorgeschriebenen Mindestversicherungssumme f\u00fcr Haftpflichtanspr\u00fcche aus der Inanspruchnahme des Versicherungsnehmers vor au\u00dfereurop\u00e4ischen Gerichten.<\/p>\n<h3>Multidisziplin\u00e4re T\u00e4tigkeiten\/berufliche Gemeinschaften<\/h3>\n<p>Die angegebenen Partner haben sich in der Form einer Partnerschaft zur dauerhaften Berufsaus\u00fcbung zusammengeschlossen.<\/p>\n<p>Die Kanzlei unterh\u00e4lt dar\u00fcber hinaus eine st\u00e4ndige Kooperation mit der Schmid-Sperber und Wittstock GbR, Schwedenkai 1, 24103 Kiel.<\/p>\n<p>Die Wahrnehmung widerstreitender Interessen ist Rechtsanw\u00e4lten aufgrund berufsrechtlicher Regelungen untersagt (\u00a7 43a Abs. 4 BRAO). Vor Annahme eines Mandates wird deshalb immer gepr\u00fcft, ob ein Interessenkonflikt vorliegt.<\/p>\n<h3>Au\u00dfergerichtliche Streitschlichtung<\/h3>\n<p>Bei Streitigkeiten zwischen Rechtsanw\u00e4lten und ihren Auftraggebern besteht auf Antrag die M\u00f6glichkeit der au\u00dfergerichtlichen Streitschlichtung bei:<\/p>\n<p>der Hanseatischen Rechtsanwaltskammer, zu finden im Internet unter www.rechtsanwaltskammerhamburg.de oder<br \/>\nder Schleswig Holsteinischen Rechtsanwaltskammer, zu finden im Internet unter <a href=\"https:\/\/www.rak-sh.de\" target=\"_blank\" rel=\"noopener noreferrer\">www.rak-sh.de<\/a> oder<br \/>\nder Rechtsanwaltskammer Frankfurt, zu finden im Internet unter <a href=\"https:\/\/www.rak-ffm.de\" target=\"_blank\" rel=\"noopener noreferrer\">www.rak-ffm.de<\/a> oder bei der Schlichtungsstelle der Rechtsanwaltschaft (\u00a7 191f BRAO) bei der<br \/>\nBundesrechtsanwaltskammer, im Internet zu finden \u00fcber die Homepage der<br \/>\nBundesrechtsanwaltskammer (<a href=\"http:\/\/www.brak.de\" target=\"_blank\" rel=\"noopener noreferrer\">www.brak.de<\/a>), E\u2010Mail: <a href=\"mailto:schlichtungsstelle@s-d-r.org\">schlichtungsstelle@s-d-r.org<\/a> Plattform der EU zur au\u00dfergerichtlichen Online-Streitbeilegung: <a href=\"https:\/\/ec.europa.eu\/consumers\/odr\/\">ec.europa.eu\/consumers\/odr\/<\/a><\/p>\n<h3>Hinweis bei fristgebundenen Angelegenheiten<\/h3>\n<p>Bitte beachten Sie, dass Ihre per E-Mail \u00fcbermittelte Nachricht u.U. nicht sofort zur Kenntnis genommen werden kann. Bei etwa laufenden Fristen rufen Sie uns bitte an oder lassen Sie uns zu den gew\u00f6hnlichen B\u00fcrozeiten ein Telefax zukommen.<\/p>\n<h3>Haftung<\/h3>\n<p>Die Angaben auf dieser Website erfolgen nur zu allgemeinen Informationszwecken und stellen keine rechtliche Beratung der Reimer Rechtsanw\u00e4lte Partnerschaftsgesellschaft dar. Verbindliche Ausk\u00fcnfte, Beratung, Empfehlungen oder Erkl\u00e4rungen erteilen wir ausschlie\u00dflich im Rahmen individueller Kommunikation mit unseren Mandanten.<\/p>\n<p>Wir haben die Angaben auf dieser Webseite sorgf\u00e4ltig gepr\u00fcft, \u00fcbernehmen jedoch keinerlei Gew\u00e4hr f\u00fcr die Richtigkeit, Vollst\u00e4ndigkeit und Aktualit\u00e4t der angegebenen Informationen. Dasselbe gilt f\u00fcr die Inhalte anderer Webseiten, auf die diese Webseite mittels Link verweisen. Diese beinhalten fremde Inhalte, auf die Reimer Rechtsanw\u00e4lte Partnerschaftsgesellschaft keinen Einfluss hat und f\u00fcr die Reimer Rechtsanw\u00e4lte Partnerschaftsgesellschaft keinerlei Gew\u00e4hr \u00fcbernimmt.<\/p>\n<p>Die Vervielf\u00e4ltigung und\/oder Verbreitung von auf dieser Website enthaltenen Angaben bedarf der vorherigen schriftlichen Zustimmung der im Impressum genannten verantwortlichen Personen.[\/vc_column_text][\/vc_column][vc_column width=&#8221;1\/6&#8243;][\/vc_column][\/vc_row]<\/p>\n<\/div>","protected":false},"excerpt":{"rendered":"<p>[vc_row gap=&#8221;30&#8243; css=&#8221;.vc_custom_1604327534239{padding-bottom: 40px !important;}&#8221;][vc_column width=&#8221;5\/6&#8243;][vc_column_text] Impressum Reimer Rechtsanw\u00e4lte Partnerschaftsgesellschaft mbB G\u00e4nsemarkt 45 20354 Hamburg Telefon: + 49 \u2013 (0)40 \u2013 43 20 80-0 Fax: + 49 \u2013 (0)40 \u2013 43 20 80 \u2013 400 E-Mail: info@reimer-rae.de Partnerinnen und Partner mit Angabe ihrer Berufsbezeichnungen: Burckhardt Reimer, Rechtsanwalt Peter-Alexander Borchardt, Rechtsanwalt Reinhold Schmid-Sperber, Rechtsanwalt und Notar&hellip;<\/p>\n","protected":false},"author":1,"featured_media":0,"parent":0,"menu_order":29,"comment_status":"closed","ping_status":"closed","template":"","meta":{"_acf_changed":false,"inline_featured_image":false,"footnotes":""},"class_list":["post-7808","page","type-page","status-publish","hentry"],"acf":[],"yoast_head":"<!-- This site is optimized with the Yoast SEO plugin v27.5 - https:\/\/yoast.com\/product\/yoast-seo-wordpress\/ -->\n<title>Legal Notice - Reimer Rechtsanw\u00e4lte<\/title>\n<meta name=\"robots\" content=\"index, follow, max-snippet:-1, max-image-preview:large, max-video-preview:-1\" \/>\n<link rel=\"canonical\" href=\"https:\/\/www.reimer-rae.de\/en\/legal-notice\/\" \/>\n<meta property=\"og:locale\" content=\"en_US\" \/>\n<meta property=\"og:type\" content=\"article\" \/>\n<meta property=\"og:title\" content=\"Legal Notice - Reimer Rechtsanw\u00e4lte\" \/>\n<meta property=\"og:description\" content=\"[vc_row gap=&#8221;30&#8243; css=&#8221;.vc_custom_1604327534239{padding-bottom: 40px !important;}&#8221;][vc_column width=&#8221;5\/6&#8243;][vc_column_text] Impressum Reimer Rechtsanw\u00e4lte Partnerschaftsgesellschaft mbB G\u00e4nsemarkt 45 20354 Hamburg Telefon: + 49 \u2013 (0)40 \u2013 43 20 80-0 Fax: + 49 \u2013 (0)40 \u2013 43 20 80 \u2013 400 E-Mail: info@reimer-rae.de Partnerinnen und Partner mit Angabe ihrer Berufsbezeichnungen: Burckhardt Reimer, Rechtsanwalt Peter-Alexander Borchardt, Rechtsanwalt Reinhold Schmid-Sperber, Rechtsanwalt und Notar&hellip;\" \/>\n<meta property=\"og:url\" content=\"https:\/\/www.reimer-rae.de\/en\/legal-notice\/\" \/>\n<meta property=\"og:site_name\" content=\"Reimer Rechtsanw\u00e4lte\" \/>\n<meta property=\"article:modified_time\" content=\"2024-01-02T08:46:06+00:00\" \/>\n<meta name=\"twitter:card\" content=\"summary_large_image\" \/>\n<meta name=\"twitter:label1\" content=\"Est. reading time\" \/>\n\t<meta name=\"twitter:data1\" content=\"3 minutes\" \/>\n<script type=\"application\/ld+json\" class=\"yoast-schema-graph\">{\"@context\":\"https:\\\/\\\/schema.org\",\"@graph\":[{\"@type\":\"WebPage\",\"@id\":\"https:\\\/\\\/www.reimer-rae.de\\\/en\\\/legal-notice\\\/\",\"url\":\"https:\\\/\\\/www.reimer-rae.de\\\/en\\\/legal-notice\\\/\",\"name\":\"Legal Notice - Reimer Rechtsanw\u00e4lte\",\"isPartOf\":{\"@id\":\"https:\\\/\\\/www.reimer-rae.de\\\/en\\\/#website\"},\"datePublished\":\"2020-07-15T08:19:17+00:00\",\"dateModified\":\"2024-01-02T08:46:06+00:00\",\"breadcrumb\":{\"@id\":\"https:\\\/\\\/www.reimer-rae.de\\\/en\\\/legal-notice\\\/#breadcrumb\"},\"inLanguage\":\"en-US\",\"potentialAction\":[{\"@type\":\"ReadAction\",\"target\":[\"https:\\\/\\\/www.reimer-rae.de\\\/en\\\/legal-notice\\\/\"]}]},{\"@type\":\"BreadcrumbList\",\"@id\":\"https:\\\/\\\/www.reimer-rae.de\\\/en\\\/legal-notice\\\/#breadcrumb\",\"itemListElement\":[{\"@type\":\"ListItem\",\"position\":1,\"name\":\"Startseite\",\"item\":\"https:\\\/\\\/www.reimer-rae.de\\\/en\\\/\"},{\"@type\":\"ListItem\",\"position\":2,\"name\":\"Legal Notice\"}]},{\"@type\":\"WebSite\",\"@id\":\"https:\\\/\\\/www.reimer-rae.de\\\/en\\\/#website\",\"url\":\"https:\\\/\\\/www.reimer-rae.de\\\/en\\\/\",\"name\":\"Reimer Rechtsanw\u00e4lte\",\"description\":\"Kanzlei f\u00fcr Insolvenz- und Wirtschaftsrecht\",\"potentialAction\":[{\"@type\":\"SearchAction\",\"target\":{\"@type\":\"EntryPoint\",\"urlTemplate\":\"https:\\\/\\\/www.reimer-rae.de\\\/en\\\/?s={search_term_string}\"},\"query-input\":{\"@type\":\"PropertyValueSpecification\",\"valueRequired\":true,\"valueName\":\"search_term_string\"}}],\"inLanguage\":\"en-US\"}]}<\/script>\n<!-- \/ Yoast SEO plugin. -->","yoast_head_json":{"title":"Legal Notice - Reimer Rechtsanw\u00e4lte","robots":{"index":"index","follow":"follow","max-snippet":"max-snippet:-1","max-image-preview":"max-image-preview:large","max-video-preview":"max-video-preview:-1"},"canonical":"https:\/\/www.reimer-rae.de\/en\/legal-notice\/","og_locale":"en_US","og_type":"article","og_title":"Legal Notice - Reimer Rechtsanw\u00e4lte","og_description":"[vc_row gap=&#8221;30&#8243; css=&#8221;.vc_custom_1604327534239{padding-bottom: 40px !important;}&#8221;][vc_column width=&#8221;5\/6&#8243;][vc_column_text] Impressum Reimer Rechtsanw\u00e4lte Partnerschaftsgesellschaft mbB G\u00e4nsemarkt 45 20354 Hamburg Telefon: + 49 \u2013 (0)40 \u2013 43 20 80-0 Fax: + 49 \u2013 (0)40 \u2013 43 20 80 \u2013 400 E-Mail: info@reimer-rae.de Partnerinnen und Partner mit Angabe ihrer Berufsbezeichnungen: Burckhardt Reimer, Rechtsanwalt Peter-Alexander Borchardt, Rechtsanwalt Reinhold Schmid-Sperber, Rechtsanwalt und Notar&hellip;","og_url":"https:\/\/www.reimer-rae.de\/en\/legal-notice\/","og_site_name":"Reimer Rechtsanw\u00e4lte","article_modified_time":"2024-01-02T08:46:06+00:00","twitter_card":"summary_large_image","twitter_misc":{"Est. reading time":"3 minutes"},"schema":{"@context":"https:\/\/schema.org","@graph":[{"@type":"WebPage","@id":"https:\/\/www.reimer-rae.de\/en\/legal-notice\/","url":"https:\/\/www.reimer-rae.de\/en\/legal-notice\/","name":"Legal Notice - Reimer Rechtsanw\u00e4lte","isPartOf":{"@id":"https:\/\/www.reimer-rae.de\/en\/#website"},"datePublished":"2020-07-15T08:19:17+00:00","dateModified":"2024-01-02T08:46:06+00:00","breadcrumb":{"@id":"https:\/\/www.reimer-rae.de\/en\/legal-notice\/#breadcrumb"},"inLanguage":"en-US","potentialAction":[{"@type":"ReadAction","target":["https:\/\/www.reimer-rae.de\/en\/legal-notice\/"]}]},{"@type":"BreadcrumbList","@id":"https:\/\/www.reimer-rae.de\/en\/legal-notice\/#breadcrumb","itemListElement":[{"@type":"ListItem","position":1,"name":"Startseite","item":"https:\/\/www.reimer-rae.de\/en\/"},{"@type":"ListItem","position":2,"name":"Legal Notice"}]},{"@type":"WebSite","@id":"https:\/\/www.reimer-rae.de\/en\/#website","url":"https:\/\/www.reimer-rae.de\/en\/","name":"Reimer Rechtsanw\u00e4lte","description":"Kanzlei f\u00fcr Insolvenz- und Wirtschaftsrecht","potentialAction":[{"@type":"SearchAction","target":{"@type":"EntryPoint","urlTemplate":"https:\/\/www.reimer-rae.de\/en\/?s={search_term_string}"},"query-input":{"@type":"PropertyValueSpecification","valueRequired":true,"valueName":"search_term_string"}}],"inLanguage":"en-US"}]}},"_links":{"self":[{"href":"https:\/\/www.reimer-rae.de\/en\/wp-json\/wp\/v2\/pages\/7808","targetHints":{"allow":["GET"]}}],"collection":[{"href":"https:\/\/www.reimer-rae.de\/en\/wp-json\/wp\/v2\/pages"}],"about":[{"href":"https:\/\/www.reimer-rae.de\/en\/wp-json\/wp\/v2\/types\/page"}],"author":[{"embeddable":true,"href":"https:\/\/www.reimer-rae.de\/en\/wp-json\/wp\/v2\/users\/1"}],"replies":[{"embeddable":true,"href":"https:\/\/www.reimer-rae.de\/en\/wp-json\/wp\/v2\/comments?post=7808"}],"version-history":[{"count":3,"href":"https:\/\/www.reimer-rae.de\/en\/wp-json\/wp\/v2\/pages\/7808\/revisions"}],"predecessor-version":[{"id":9558,"href":"https:\/\/www.reimer-rae.de\/en\/wp-json\/wp\/v2\/pages\/7808\/revisions\/9558"}],"wp:attachment":[{"href":"https:\/\/www.reimer-rae.de\/en\/wp-json\/wp\/v2\/media?parent=7808"}],"curies":[{"name":"wp","href":"https:\/\/api.w.org\/{rel}","templated":true}]}}